{"id":8,"date":"2026-04-28T20:30:06","date_gmt":"2026-04-28T20:30:06","guid":{"rendered":"http:\/\/nizszarata24.pl\/?page_id=8"},"modified":"2026-04-28T20:30:06","modified_gmt":"2026-04-28T20:30:06","slug":"nizsza-rata-kredytu-gdansk-i-okolice","status":"publish","type":"page","link":"https:\/\/nizszarata24.pl\/index.php\/nizsza-rata-kredytu-gdansk-i-okolice\/","title":{"rendered":"Ni\u017csza rata kredytu \u2013 Gda\u0144sk i okolice"},"content":{"rendered":"\n<h2 class=\"wp-block-heading\">Zmniejsz swoj\u0105 rat\u0119 kredytu nawet o 60% \u2013 sprawd\u017a w 2 minuty<\/h2>\n\n\n\n<p>Bezp\u0142atna analiza Twojej sytuacji. <strong>Bez zobowi\u0105za\u0144<\/strong>. Szybki kontakt.<\/p>\n\n\n\n<ul class=\"wp-block-list\">\n<li>&#8211; Po\u0142\u0105cz kilka kredyt\u00f3w w jedn\u0105 rat\u0119<\/li>\n\n\n\n<li>&#8211; Obni\u017c miesi\u0119czne koszty<\/li>\n\n\n\n<li>&#8211; Decyzja nawet w 24h<\/li>\n<\/ul>\n\n\n\n<p>[TU B\u0118DZIE FORMULARZ]<\/p>\n\n\n\n<h2 class=\"wp-block-heading\">Masz problem z ratami kredyt\u00f3w?<\/h2>\n\n\n\n<p>&#8211; Kilka kredyt\u00f3w jednocze\u015bnie?<\/p>\n\n\n\n<p>&#8211; Wysokie raty?<\/p>\n\n\n\n<p>&#8211; Brakuje pieni\u0119dzy na \u017cycie?<\/p>\n\n\n\n<p class=\"has-text-align-center\"><strong>Da si\u0119 to uporz\u0105dkowa\u0107.<\/strong><\/p>\n\n\n\n<p>1. Wype\u0142niasz formularz<\/p>\n\n\n\n<p>2. Kontaktujemy si\u0119<\/p>\n\n\n\n<p>3. Dostajesz rozwi\u0105zanie<\/p>\n\n\n\n<p><\/p>\n","protected":false},"excerpt":{"rendered":"<p>Zmniejsz swoj\u0105 rat\u0119 kredytu nawet o 60% \u2013 sprawd\u017a w 2 minuty Bezp\u0142atna analiza Twojej sytuacji. Bez zobowi\u0105za\u0144. Szybki kontakt. [TU B\u0118DZIE FORMULARZ] Masz problem z ratami kredyt\u00f3w? &#8211; Kilka kredyt\u00f3w jednocze\u015bnie? &#8211; Wysokie raty? &#8211; Brakuje pieni\u0119dzy na \u017cycie? Da si\u0119 to uporz\u0105dkowa\u0107. 1. Wype\u0142niasz formularz 2. Kontaktujemy si\u0119 3. Dostajesz rozwi\u0105zanie<\/p>\n","protected":false},"author":1,"featured_media":0,"parent":0,"menu_order":0,"comment_status":"closed","ping_status":"closed","template":"","meta":{"footnotes":""},"class_list":["post-8","page","type-page","status-publish","hentry"],"_links":{"self":[{"href":"https:\/\/nizszarata24.pl\/index.php\/wp-json\/wp\/v2\/pages\/8","targetHints":{"allow":["GET"]}}],"collection":[{"href":"https:\/\/nizszarata24.pl\/index.php\/wp-json\/wp\/v2\/pages"}],"about":[{"href":"https:\/\/nizszarata24.pl\/index.php\/wp-json\/wp\/v2\/types\/page"}],"author":[{"embeddable":true,"href":"https:\/\/nizszarata24.pl\/index.php\/wp-json\/wp\/v2\/users\/1"}],"replies":[{"embeddable":true,"href":"https:\/\/nizszarata24.pl\/index.php\/wp-json\/wp\/v2\/comments?post=8"}],"version-history":[{"count":2,"href":"https:\/\/nizszarata24.pl\/index.php\/wp-json\/wp\/v2\/pages\/8\/revisions"}],"predecessor-version":[{"id":10,"href":"https:\/\/nizszarata24.pl\/index.php\/wp-json\/wp\/v2\/pages\/8\/revisions\/10"}],"wp:attachment":[{"href":"https:\/\/nizszarata24.pl\/index.php\/wp-json\/wp\/v2\/media?parent=8"}],"curies":[{"name":"wp","href":"https:\/\/api.w.org\/{rel}","templated":true}]}}